{"id":118,"date":"2018-08-25T23:23:25","date_gmt":"2018-08-25T21:23:25","guid":{"rendered":"http:\/\/www.kaoub.com\/?page_id=118"},"modified":"2024-08-07T18:12:32","modified_gmt":"2024-08-07T16:12:32","slug":"programmation","status":"publish","type":"page","link":"https:\/\/www.kaoub.com\/index.php\/programmation\/","title":{"rendered":"D\u00e9veloppement"},"content":{"rendered":"\t\t<div class=\"elementor elementor-118\">\n\t\t\t<div class=\"elementor-inner\">\n\t\t\t\t<div class=\"elementor-section-wrap\">\n\t\t\t\t\t\t\t<section data-id=\"106aa85\" class=\"elementor-element elementor-element-106aa85 elementor-section-boxed elementor-section-height-default elementor-section-height-default elementor-section elementor-top-section\" data-element_type=\"section\">\n\t\t\t\t\t\t<div class=\"elementor-container elementor-column-gap-default\">\n\t\t\t\t<div class=\"elementor-row\">\n\t\t\t\t<div data-id=\"ba7b641\" class=\"elementor-element elementor-element-ba7b641 elementor-column elementor-col-100 elementor-top-column\" data-element_type=\"column\">\n\t\t\t<div class=\"elementor-column-wrap elementor-element-populated\">\n\t\t\t\t\t<div class=\"elementor-widget-wrap\">\n\t\t\t\t<div data-id=\"04bd16d\" class=\"elementor-element elementor-element-04bd16d elementor-widget elementor-widget-image\" data-element_type=\"image.default\">\n\t\t\t\t<div class=\"elementor-widget-container\">\n\t\t\t\t\t<div class=\"elementor-image\">\n\t\t\t\t\t\t\t\t\t\t<img width=\"540\" height=\"304\" src=\"https:\/\/www.kaoub.com\/wp-content\/uploads\/2018\/12\/DefinitionDev1.png\" class=\"attachment-large size-large\" alt=\"\" decoding=\"async\" loading=\"lazy\" srcset=\"https:\/\/www.kaoub.com\/wp-content\/uploads\/2018\/12\/DefinitionDev1.png 540w, https:\/\/www.kaoub.com\/wp-content\/uploads\/2018\/12\/DefinitionDev1-300x169.png 300w\" sizes=\"(max-width: 540px) 100vw, 540px\" \/>\t\t\t\t\t\t\t\t\t\t\t<\/div>\n\t\t\t\t<\/div>\n\t\t\t\t<\/div>\n\t\t\t\t\t\t<\/div>\n\t\t\t<\/div>\n\t\t<\/div>\n\t\t\t\t\t\t<\/div>\n\t\t\t<\/div>\n\t\t<\/section>\n\t\t\t\t<section data-id=\"94bb479\" class=\"elementor-element elementor-element-94bb479 elementor-section-boxed elementor-section-height-default elementor-section-height-default elementor-section elementor-top-section\" data-element_type=\"section\">\n\t\t\t\t\t\t<div class=\"elementor-container elementor-column-gap-default\">\n\t\t\t\t<div class=\"elementor-row\">\n\t\t\t\t<div data-id=\"67fa92e\" class=\"elementor-element elementor-element-67fa92e elementor-column elementor-col-100 elementor-top-column\" data-element_type=\"column\">\n\t\t\t<div class=\"elementor-column-wrap elementor-element-populated\">\n\t\t\t\t\t<div class=\"elementor-widget-wrap\">\n\t\t\t\t<div data-id=\"1eea051\" class=\"elementor-element elementor-element-1eea051 animated zoomIn animated-slow elementor-invisible elementor-widget elementor-widget-divider\" data-settings=\"{&quot;_animation&quot;:&quot;zoomIn&quot;}\" data-element_type=\"divider.default\">\n\t\t\t\t<div class=\"elementor-widget-container\">\n\t\t\t\t\t<div class=\"elementor-divider\">\n\t\t\t<span class=\"elementor-divider-separator\"><\/span>\n\t\t<\/div>\n\t\t\t\t<\/div>\n\t\t\t\t<\/div>\n\t\t\t\t\t\t<\/div>\n\t\t\t<\/div>\n\t\t<\/div>\n\t\t\t\t\t\t<\/div>\n\t\t\t<\/div>\n\t\t<\/section>\n\t\t\t\t<section data-id=\"1d93339\" class=\"elementor-element elementor-element-1d93339 elementor-section-height-min-height elementor-section-boxed elementor-section-height-default elementor-section-items-middle elementor-section elementor-top-section\" data-settings=\"{&quot;background_background&quot;:&quot;gradient&quot;}\" data-element_type=\"section\">\n\t\t\t\t\t\t<div class=\"elementor-container elementor-column-gap-narrow\">\n\t\t\t\t<div class=\"elementor-row\">\n\t\t\t\t<div data-id=\"e156177\" class=\"elementor-element elementor-element-e156177 elementor-column elementor-col-16 elementor-top-column\" data-element_type=\"column\">\n\t\t\t<div class=\"elementor-column-wrap\">\n\t\t\t\t\t<div class=\"elementor-widget-wrap\">\n\t\t\t\t\t\t<\/div>\n\t\t\t<\/div>\n\t\t<\/div>\n\t\t\t\t<div data-id=\"bafeabe\" class=\"elementor-element elementor-element-bafeabe elementor-column elementor-col-16 elementor-top-column\" data-element_type=\"column\">\n\t\t\t<div class=\"elementor-column-wrap elementor-element-populated\">\n\t\t\t\t\t<div class=\"elementor-widget-wrap\">\n\t\t\t\t<div data-id=\"a612a1a\" class=\"elementor-element elementor-element-a612a1a elementor-widget elementor-widget-text-editor\" data-element_type=\"text-editor.default\">\n\t\t\t\t<div class=\"elementor-widget-container\">\n\t\t\t\t\t<div class=\"elementor-text-editor elementor-clearfix\"><p><span style=\"color: #000000;\"> \u00a0Nos experts vous accompagnent dans l&rsquo;analyse des besoins et la r\u00e9daction de cahier de chanrge.<br \/><\/span><\/p><\/div>\n\t\t\t\t<\/div>\n\t\t\t\t<\/div>\n\t\t\t\t\t\t<\/div>\n\t\t\t<\/div>\n\t\t<\/div>\n\t\t\t\t<div data-id=\"baff085\" class=\"elementor-element elementor-element-baff085 elementor-column elementor-col-16 elementor-top-column\" data-element_type=\"column\">\n\t\t\t<div class=\"elementor-column-wrap elementor-element-populated\">\n\t\t\t\t\t<div class=\"elementor-widget-wrap\">\n\t\t\t\t<div data-id=\"fde44c3\" class=\"elementor-element elementor-element-fde44c3 elementor-widget elementor-widget-text-editor\" data-element_type=\"text-editor.default\">\n\t\t\t\t<div class=\"elementor-widget-container\">\n\t\t\t\t\t<div class=\"elementor-text-editor elementor-clearfix\"><p><span style=\"color: #000000;\">La r\u00e9alisation de vos projets est assur\u00e9e par nos meilleurs d\u00e9veloppeurs.<\/span><\/p><\/div>\n\t\t\t\t<\/div>\n\t\t\t\t<\/div>\n\t\t\t\t\t\t<\/div>\n\t\t\t<\/div>\n\t\t<\/div>\n\t\t\t\t<div data-id=\"efb0d44\" class=\"elementor-element elementor-element-efb0d44 elementor-column elementor-col-16 elementor-top-column\" data-element_type=\"column\">\n\t\t\t<div class=\"elementor-column-wrap elementor-element-populated\">\n\t\t\t\t\t<div class=\"elementor-widget-wrap\">\n\t\t\t\t<div data-id=\"9789416\" class=\"elementor-element elementor-element-9789416 elementor-widget elementor-widget-text-editor\" data-element_type=\"text-editor.default\">\n\t\t\t\t<div class=\"elementor-widget-container\">\n\t\t\t\t\t<div class=\"elementor-text-editor elementor-clearfix\"><p><span style=\"color: #000000;\">\u00a0Notre \u00e9quipe test et validation assure\u00a0 tous\u00a0 les\u00a0 tests<br \/>n\u00e9cessaires.<\/span><\/p><\/div>\n\t\t\t\t<\/div>\n\t\t\t\t<\/div>\n\t\t\t\t\t\t<\/div>\n\t\t\t<\/div>\n\t\t<\/div>\n\t\t\t\t<div data-id=\"d62128e\" class=\"elementor-element elementor-element-d62128e elementor-column elementor-col-16 elementor-top-column\" data-element_type=\"column\">\n\t\t\t<div class=\"elementor-column-wrap elementor-element-populated\">\n\t\t\t\t\t<div class=\"elementor-widget-wrap\">\n\t\t\t\t<div data-id=\"637cdd2\" class=\"elementor-element elementor-element-637cdd2 elementor-widget elementor-widget-text-editor\" data-element_type=\"text-editor.default\">\n\t\t\t\t<div class=\"elementor-widget-container\">\n\t\t\t\t\t<div class=\"elementor-text-editor elementor-clearfix\"><p><span style=\"color: #000000;\">&nbsp;On garantit le bon <br>d\u00e9roulement de la mise <br>en production.<\/span><\/p><\/div>\n\t\t\t\t<\/div>\n\t\t\t\t<\/div>\n\t\t\t\t\t\t<\/div>\n\t\t\t<\/div>\n\t\t<\/div>\n\t\t\t\t<div data-id=\"e150942\" class=\"elementor-element elementor-element-e150942 elementor-column elementor-col-16 elementor-top-column\" data-element_type=\"column\">\n\t\t\t<div class=\"elementor-column-wrap\">\n\t\t\t\t\t<div class=\"elementor-widget-wrap\">\n\t\t\t\t\t\t<\/div>\n\t\t\t<\/div>\n\t\t<\/div>\n\t\t\t\t\t\t<\/div>\n\t\t\t<\/div>\n\t\t<\/section>\n\t\t\t\t<section data-id=\"033b01b\" class=\"elementor-element elementor-element-033b01b elementor-section-boxed elementor-section-height-default elementor-section-height-default elementor-section elementor-top-section\" data-element_type=\"section\">\n\t\t\t\t\t\t<div class=\"elementor-container elementor-column-gap-default\">\n\t\t\t\t<div class=\"elementor-row\">\n\t\t\t\t<div data-id=\"c3dcae5\" class=\"elementor-element elementor-element-c3dcae5 elementor-column elementor-col-100 elementor-top-column\" data-element_type=\"column\">\n\t\t\t<div class=\"elementor-column-wrap elementor-element-populated\">\n\t\t\t\t\t<div class=\"elementor-widget-wrap\">\n\t\t\t\t<div data-id=\"681fc8b\" class=\"elementor-element elementor-element-681fc8b animated zoomIn animated-slow elementor-invisible elementor-widget elementor-widget-divider\" data-settings=\"{&quot;_animation&quot;:&quot;zoomIn&quot;}\" data-element_type=\"divider.default\">\n\t\t\t\t<div class=\"elementor-widget-container\">\n\t\t\t\t\t<div class=\"elementor-divider\">\n\t\t\t<span class=\"elementor-divider-separator\"><\/span>\n\t\t<\/div>\n\t\t\t\t<\/div>\n\t\t\t\t<\/div>\n\t\t\t\t\t\t<\/div>\n\t\t\t<\/div>\n\t\t<\/div>\n\t\t\t\t\t\t<\/div>\n\t\t\t<\/div>\n\t\t<\/section>\n\t\t\t\t<section data-id=\"a103350\" class=\"elementor-element elementor-element-a103350 elementor-section-boxed elementor-section-height-default elementor-section-height-default elementor-section elementor-top-section\" data-element_type=\"section\">\n\t\t\t\t\t\t<div class=\"elementor-container elementor-column-gap-default\">\n\t\t\t\t<div class=\"elementor-row\">\n\t\t\t\t<div data-id=\"30f93d2\" class=\"elementor-element elementor-element-30f93d2 elementor-column elementor-col-100 elementor-top-column\" data-element_type=\"column\">\n\t\t\t<div class=\"elementor-column-wrap elementor-element-populated\">\n\t\t\t\t\t<div class=\"elementor-widget-wrap\">\n\t\t\t\t<div data-id=\"1d45ae8\" class=\"elementor-element elementor-element-1d45ae8 elementor-widget elementor-widget-image\" data-element_type=\"image.default\">\n\t\t\t\t<div class=\"elementor-widget-container\">\n\t\t\t\t\t<div class=\"elementor-image\">\n\t\t\t\t\t\t\t\t\t\t<img width=\"1024\" height=\"576\" src=\"https:\/\/www.kaoub.com\/wp-content\/uploads\/2019\/01\/3D-Block-Layers-Showeet-1024x576.png\" class=\"attachment-large size-large\" alt=\"\" decoding=\"async\" loading=\"lazy\" srcset=\"https:\/\/www.kaoub.com\/wp-content\/uploads\/2019\/01\/3D-Block-Layers-Showeet-1024x576.png 1024w, https:\/\/www.kaoub.com\/wp-content\/uploads\/2019\/01\/3D-Block-Layers-Showeet-300x169.png 300w, https:\/\/www.kaoub.com\/wp-content\/uploads\/2019\/01\/3D-Block-Layers-Showeet-768x432.png 768w, https:\/\/www.kaoub.com\/wp-content\/uploads\/2019\/01\/3D-Block-Layers-Showeet.png 1280w\" sizes=\"(max-width: 1024px) 100vw, 1024px\" \/>\t\t\t\t\t\t\t\t\t\t\t<\/div>\n\t\t\t\t<\/div>\n\t\t\t\t<\/div>\n\t\t\t\t\t\t<\/div>\n\t\t\t<\/div>\n\t\t<\/div>\n\t\t\t\t\t\t<\/div>\n\t\t\t<\/div>\n\t\t<\/section>\n\t\t\t\t\t\t<\/div>\n\t\t\t<\/div>\n\t\t<\/div>\n\t\t","protected":false},"excerpt":{"rendered":"<p>Nos experts vous accompagnent dans l&rsquo;analyse des besoins et la r\u00e9daction de cahier de chanrge. La r\u00e9alisation de vos projets est assur\u00e9e par nos meilleurs d\u00e9veloppeurs. Notre \u00e9quipe test et validation assure\u00a0 tous\u00a0 les\u00a0 tests n\u00e9cessaires. On garantit le bon d\u00e9roulement de la mise en production.<\/p>\n","protected":false},"author":1,"featured_media":0,"parent":0,"menu_order":0,"comment_status":"closed","ping_status":"closed","template":"","meta":[],"_links":{"self":[{"href":"https:\/\/www.kaoub.com\/index.php\/wp-json\/wp\/v2\/pages\/118"}],"collection":[{"href":"https:\/\/www.kaoub.com\/index.php\/wp-json\/wp\/v2\/pages"}],"about":[{"href":"https:\/\/www.kaoub.com\/index.php\/wp-json\/wp\/v2\/types\/page"}],"author":[{"embeddable":true,"href":"https:\/\/www.kaoub.com\/index.php\/wp-json\/wp\/v2\/users\/1"}],"replies":[{"embeddable":true,"href":"https:\/\/www.kaoub.com\/index.php\/wp-json\/wp\/v2\/comments?post=118"}],"version-history":[{"count":35,"href":"https:\/\/www.kaoub.com\/index.php\/wp-json\/wp\/v2\/pages\/118\/revisions"}],"predecessor-version":[{"id":848,"href":"https:\/\/www.kaoub.com\/index.php\/wp-json\/wp\/v2\/pages\/118\/revisions\/848"}],"wp:attachment":[{"href":"https:\/\/www.kaoub.com\/index.php\/wp-json\/wp\/v2\/media?parent=118"}],"curies":[{"name":"wp","href":"https:\/\/api.w.org\/{rel}","templated":true}]}}